{"id":364,"date":"2025-11-14T10:06:35","date_gmt":"2025-11-14T09:06:35","guid":{"rendered":"https:\/\/hotelcavour.fortedibard.it\/come-raggiungerci\/"},"modified":"2025-11-16T21:25:41","modified_gmt":"2025-11-16T20:25:41","slug":"comment-arriver","status":"publish","type":"page","link":"https:\/\/hotelcavour.fortedibard.it\/fr\/comment-arriver\/","title":{"rendered":"Comment arriver"},"content":{"rendered":"<div>\n<nav  aria-label=\"breadcrumb\"><ol class=\"breadcrumb\" itemscope itemtype=\"https:\/\/schema.org\/BreadcrumbList\"><li class=\"breadcrumb-item active\" aria-current=\"page\" itemprop=\"itemListElement\" itemscope itemtype=\"https:\/\/schema.org\/ListItem\"><span itemprop=\"name\">Home<\/span><meta itemprop=\"position\" content=\"1\"><\/li><\/ol><\/nav>\n<\/div>\n<h1><strong>COMMENT ARRIVER<\/strong><\/h1>\n<div>\n<p><strong>EN VOITURE<br \/><\/strong>L\u2019Hotel Cavour et des Officiers est situ\u00e9 dedans le Fort de Bard, \u00e0 l\u2019entr\u00e9e de la Vall\u00e9e d\u2019Aoste, \u00e0 48 km d\u2019Aoste, \u00e0 78 km de Turin, \u00e0 mi-chemin entre Milan et Gen\u00e8ve. On arrive \u00e0 Bard en auto par la route nationale 26 de la Vall\u00e9e d\u2019Aoste et par l\u2019autoroute A5, qui a deux sorties: le p\u00e9age de Pont-Saint-Martin, avant Bard, \u00e0 6 kilom\u00e8tres et celui de Verr\u00e8s, apr\u00e8s Bard, \u00e0 9 kilom\u00e8tres.<\/p>\n<p><strong>Parking pour nos\u00a0h\u00f4tes<\/strong><b><br \/><\/b>Parking Pluripiano au pied du Fort de Bard<\/p>\n<p><strong>EN TRAIN<\/strong><br \/>Les gares de chemin de fer les plus proches (Turin-Aoste) se trouvent \u00e0 Pont-Saint-Martin et \u00e0 Verr\u00e8s. D\u2019ici il est possible de prendre un autobus qui s\u2019arr\u00e9te dans la commune de Bard (arr\u00eat le long de la route nationale 26 au pied du Fort). Pour les personnes qui vont au Fort de Bard omnibus, la gare la plus proche est celle de H\u00f4ne-Bard, situ\u00e9e \u00e0 500 m. du Fort.<br \/>Jusqu\u2019en 2026, la ligne est concern\u00e9e par des travaux d\u2019\u00e9lectrification. Un service de bus de remplacement est actif depuis Ivrea.<\/p>\n<p><strong>EN BUS<\/strong><br \/>Pour chaque information sur le service T\u00e9l. +39 0125 966546-7-8<br \/>Ligne de transport local Bard\/Pont-Saint-Martin<br \/>Ligne de transport local Aosta\/Bard\/Pont-Saint-Martin<\/p>\n<p><strong>EN AVION<br \/><\/strong>L\u2019a\u00e9r\u00e9oport international de Turin-Caselle \u201d Sandro Pertini \u201d est \u00e0 60 kilom\u00e8tres seulement.<\/p>\n<\/div>\n<p><!--more--><br \/>\n<!-- {\"type\":\"layout\",\"children\":[{\"name\":\"Sezione principale\",\"type\":\"section\",\"props\":{\"image_position\":\"center-center\",\"padding_remove_bottom\":false,\"style\":\"default\",\"title_breakpoint\":\"xl\",\"title_position\":\"top-left\",\"title_rotation\":\"left\",\"vertical_align\":\"\",\"width\":\"expand\"},\"children\":[{\"type\":\"row\",\"children\":[{\"type\":\"column\",\"props\":{\"image_position\":\"center-center\",\"position_sticky_breakpoint\":\"m\",\"width_medium\":\"1-1\"},\"children\":[{\"type\":\"text\",\"props\":{\"column_breakpoint\":\"m\",\"content\":\"\n\n<p>[seopress_breadcrumbs]<\\\/p>\",\"css\":\".breadcrumb li span {\\nfont-weight: 300;\\n}\",\"margin\":\"default\",\"text_style\":\"small\"},\"name\":\"BREADCRUMBS - SeoPress\"},{\"type\":\"headline\",\"props\":{\"animation\":\"none\",\"content\":\"<strong>COMMENT ARRIVER<\\\/strong>\",\"margin\":\"small\",\"margin_remove_top\":false,\"parallax_breakpoint\":\"m\",\"parallax_easing\":\"1\",\"parallax_end\":\"60vh + 60%\",\"parallax_opacity\":\"0.3,1\",\"parallax_y\":\"30,0\",\"title_element\":\"h1\",\"title_style\":\"h1\"}},{\"type\":\"text\",\"props\":{\"animation\":\"none\",\"column_breakpoint\":\"m\",\"column_divider\":false,\"content\":\"\n\n<p><strong>EN VOITURE<br \\\/><\\\/strong>L\\u2019Hotel Cavour et des Officiers est situ\\u00e9 dedans le Fort de Bard, \\u00e0 l\\u2019entr\\u00e9e de la Vall\\u00e9e d\\u2019Aoste, \\u00e0 48 km d\\u2019Aoste, \\u00e0 78 km de Turin, \\u00e0 mi-chemin entre Milan et Gen\\u00e8ve. On arrive \\u00e0 Bard en auto par la route nationale 26 de la Vall\\u00e9e d\\u2019Aoste et par l\\u2019autoroute A5, qui a deux sorties: le p\\u00e9age de Pont-Saint-Martin, avant Bard, \\u00e0 6 kilom\\u00e8tres et celui de Verr\\u00e8s, apr\\u00e8s Bard, \\u00e0 9 kilom\\u00e8tres.<\\\/p>\\n\n\n<p><strong>Parking pour nos\\u00a0h\\u00f4tes<\\\/strong><b><br \\\/><\\\/b>Parking Pluripiano au pied du Fort de Bard<\\\/p>\\n\n\n<p><strong>EN TRAIN<\\\/strong><br \\\/>Les gares de chemin de fer les plus proches (Turin-Aoste) se trouvent \\u00e0 Pont-Saint-Martin et \\u00e0 Verr\\u00e8s. D\\u2019ici il est possible de prendre un autobus qui s\\u2019arr\\u00e9te dans la commune de Bard (arr\\u00eat le long de la route nationale 26 au pied du Fort). Pour les personnes qui vont au Fort de Bard omnibus, la gare la plus proche est celle de H\\u00f4ne-Bard, situ\\u00e9e \\u00e0 500 m. du Fort.<br \\\/>Jusqu\\u2019en 2026, la ligne est concern\\u00e9e par des travaux d\\u2019\\u00e9lectrification. Un service de bus de remplacement est actif depuis Ivrea.<\\\/p>\\n\n\n<p><strong>EN BUS<\\\/strong><br \\\/>Pour chaque information sur le service T\\u00e9l. +39 0125 966546-7-8<br \\\/>Ligne de transport local Bard\\\/Pont-Saint-Martin<br \\\/>Ligne de transport local Aosta\\\/Bard\\\/Pont-Saint-Martin<\\\/p>\\n\n\n<p><strong>EN AVION<br \\\/><\\\/strong>L\\u2019a\\u00e9r\\u00e9oport international de Turin-Caselle \\u201d Sandro Pertini \\u201d est \\u00e0 60 kilom\\u00e8tres seulement.<\\\/p>\",\"margin\":\"default\"}}]}]}]}],\"version\":\"4.5.31\",\"yooessentialsVersion\":\"2.4.10\"} --><\/p>\n","protected":false},"excerpt":{"rendered":"<p>COMMENT ARRIVER EN VOITUREL\u2019Hotel Cavour et des Officiers est situ\u00e9 dedans le Fort de Bard, \u00e0 l\u2019entr\u00e9e de la Vall\u00e9e d\u2019Aoste, \u00e0 48 km d\u2019Aoste, \u00e0 78 km de Turin, \u00e0 mi-chemin entre Milan et Gen\u00e8ve. On arrive \u00e0 Bard en auto par la route nationale 26 de la Vall\u00e9e d\u2019Aoste et par l\u2019autoroute A5, [&hellip;]<\/p>\n","protected":false},"author":1,"featured_media":0,"parent":0,"menu_order":0,"comment_status":"closed","ping_status":"closed","template":"","meta":{"_seopress_robots_primary_cat":"","_seopress_titles_title":"Comment nous rejoindre - H\u00f4tel Cavour, Fort de Bard","_seopress_titles_desc":"Itin\u00e9raires pratiques pour rejoindre l'H\u00f4tel Cavour au Fort de Bard (Vall\u00e9e d'Aoste) : voiture, train, parkings et navettes. Toutes les informations pour pr\u00e9parer votre arriv\u00e9e.","_seopress_robots_index":"","footnotes":""},"class_list":["post-364","page","type-page","status-publish","hentry"],"_links":{"self":[{"href":"https:\/\/hotelcavour.fortedibard.it\/fr\/wp-json\/wp\/v2\/pages\/364","targetHints":{"allow":["GET"]}}],"collection":[{"href":"https:\/\/hotelcavour.fortedibard.it\/fr\/wp-json\/wp\/v2\/pages"}],"about":[{"href":"https:\/\/hotelcavour.fortedibard.it\/fr\/wp-json\/wp\/v2\/types\/page"}],"author":[{"embeddable":true,"href":"https:\/\/hotelcavour.fortedibard.it\/fr\/wp-json\/wp\/v2\/users\/1"}],"replies":[{"embeddable":true,"href":"https:\/\/hotelcavour.fortedibard.it\/fr\/wp-json\/wp\/v2\/comments?post=364"}],"version-history":[{"count":2,"href":"https:\/\/hotelcavour.fortedibard.it\/fr\/wp-json\/wp\/v2\/pages\/364\/revisions"}],"predecessor-version":[{"id":368,"href":"https:\/\/hotelcavour.fortedibard.it\/fr\/wp-json\/wp\/v2\/pages\/364\/revisions\/368"}],"wp:attachment":[{"href":"https:\/\/hotelcavour.fortedibard.it\/fr\/wp-json\/wp\/v2\/media?parent=364"}],"curies":[{"name":"wp","href":"https:\/\/api.w.org\/{rel}","templated":true}]}}