{"id":428,"date":"2025-11-14T11:47:31","date_gmt":"2025-11-14T10:47:31","guid":{"rendered":"https:\/\/hotelcavour.fortedibard.it\/gli-eventi\/"},"modified":"2025-11-16T21:25:52","modified_gmt":"2025-11-16T20:25:52","slug":"evenements","status":"publish","type":"page","link":"https:\/\/hotelcavour.fortedibard.it\/fr\/evenements\/","title":{"rendered":"\u00c9v\u00e9nements"},"content":{"rendered":"<div>\n<nav  aria-label=\"breadcrumb\"><ol class=\"breadcrumb\" itemscope itemtype=\"https:\/\/schema.org\/BreadcrumbList\"><li class=\"breadcrumb-item active\" aria-current=\"page\" itemprop=\"itemListElement\" itemscope itemtype=\"https:\/\/schema.org\/ListItem\"><span itemprop=\"name\">Home<\/span><meta itemprop=\"position\" content=\"1\"><\/li><\/ol><\/nav>\n<\/div>\n<h1><strong>GLI EVENTI<\/strong><\/h1>\n<div>\n<p data-asw-org-font-size=\"16\">Le Fort de Bard est le lieu id\u00e9al pour l\u2019organisation de soir\u00e9es exclusives, mariages et incentives d\u2019entreprises que nous pourrons r\u00e9aliser ensemble pour satisfaire vos exigences.<br \/>On peut m\u00eame unir au d\u00eener la visite guid\u00e9e en exclusive au suggestif Mus\u00e9e des Alpes, ou aux importantes expositions temporaires que chaque ann\u00e9e caract\u00e9risent notre offre expositif dans la p\u00e9riode printemps\/\u00e9t\u00e9.<br \/>La soir\u00e9e peut continuer avec de la bonne musique pour laquelle nous serions disponibles \u00e0 \u00e9couter vos propositions pour vous aider dans l\u2019organisations des espaces et de la logistique.<\/p>\n<p data-asw-org-font-size=\"16\">En bref, le Fort de Bard peut mettre \u00e0 votre disposition les services suivants (\u00e0 votre charge):<\/p>\n<ul>\n<li data-asw-org-font-size=\"16\">service d\u2019hostess qualifi\u00e9es pour l\u2019accueil, le garde-robe, etc;<\/li>\n<li data-asw-org-font-size=\"16\">parking gratuit pour les invit\u00e9s;<\/li>\n<li data-asw-org-font-size=\"16\">service de surveillance des acc\u00e8s et du parking par gardes arm\u00e9es (s\u2019il s\u2019agit de soir\u00e9es);<\/li>\n<li data-asw-org-font-size=\"16\">entr\u00e9e aux espaces expositifs;<\/li>\n<li data-asw-org-font-size=\"16\">visites guid\u00e9es au monument et\/ou aux espaces expositifs en 4 langues (ITA-FRA-ENG-ALL);<\/li>\n<li data-asw-org-font-size=\"16\">possibilit\u00e9 d\u2019acheter pour vos invit\u00e9s les tr\u00e8s riches catalogues de nos esxpositions;<\/li>\n<li data-asw-org-font-size=\"16\">service de baby-sitting et\/ou animation;<\/li>\n<li data-asw-org-font-size=\"16\">service de open bar;<\/li>\n<li data-asw-org-font-size=\"16\">utilisation des cuisines du Restaurant La Polveriera par les traiteur conseill\u00e9e par nous, ou de votre pr\u00e9f\u00e9rence.<\/li>\n<\/ul>\n<p data-asw-org-font-size=\"16\">Le Restaurant La Polveriera compte un maximum de 120 places.<br \/>Pour l\u2019utilisation de la Place d\u2019Armes on conseille d\u2019organiser des rendez-vous sur place.<\/p>\n<\/div>\n<hr>\n<ul>\n<li>\n<div>\n<p><strong>Contactez-nous<\/strong><br \/><a href=\"tel:\/\/00390125833816\">T. + 39 0125 833816<\/a><br \/><a href=\"mailto:eventi@fortedibard.it\">eventi@fortedibard.it<\/a><\/p>\n<\/div>\n<\/li>\n<li>\n<p><a href=\"\/contatti\/\"><strong>Modulo richiesta Eventi speciali<\/strong><\/a><\/p>\n<\/li>\n<li>\n<p><a href=\"\/contatti\/\"><strong>Modulo richiesta Meeting<\/strong><\/a><\/p>\n<\/li>\n<\/ul>\n<div>\n<h3 data-asw-org-font-size=\"30\">Congr\u00e8s et meetings<\/h3>\n<p data-asw-org-font-size=\"16\">Le Fort de Bard a deux salles de conf\u00e9rences.\u00a0L\u2019une peut accueillir cent personnes et six rapporteurs. La seconde peut accueillir cent trente personnes et six rapporteurs. Il est possible d\u2019unir les deux salles en vid\u00e9oconf\u00e9rence.<br \/>Toutes deux sont \u00e9quip\u00e9es d\u2019installation audio et vid\u00e9o de base et il est possible de les compl\u00e9ter par d\u2019autres installations selon le cas.\u00a0Ces deux espaces peuvent \u00eatre adapt\u00e9s en disposant les places assises en table ronde ou en fer \u00e0 cheval pour arriver \u00e0 30\/32 places.<\/p>\n<p data-asw-org-font-size=\"16\">Il est possible d\u2019organiser un coffee-break ou un welcome-coffee pr\u00e8s des deux salles, ainsi qu\u2019un buffet froid, un ap\u00e9ritif, des repas en correspondance avec un congr\u00e8s au Restaurant La Polveriera, dans l\u2019Ouvrage Charles-Albert du Fort.<\/p>\n<p data-asw-org-font-size=\"16\"><strong>Des moments pour la musique et pour du th\u00e9\u00e2tre \u00e0 ciel ouvert.<\/strong><br \/>A partir du moi de mai jusqu\u2019\u00e0 septembre, les cours int\u00e9rieures du Fort se transforment en th\u00e9\u00e2tres et peuvent accueillir des concerts, des films et des spectacles.<\/p>\n<p data-asw-org-font-size=\"16\">Un calendrier riche en manifestations pendant l\u2019\u00e9t\u00e9 offert aux touristes et \u00e0 la population locale.<\/p>\n<\/div>\n<ul>\n<li>\n<p>        <img decoding=\"async\" src=\"\/wp-content\/uploads\/2025\/11\/5NG_0348.webp\" alt=\"\"><\/p>\n<h3>Cappella interna al Forte di Bard<\/h3>\n<\/li>\n<li>\n<p>        <img decoding=\"async\" src=\"\/wp-content\/uploads\/2025\/11\/foto4-1.webp\" alt=\"\"><\/p>\n<h3>Giardino esterno<\/h3>\n<\/li>\n<li>\n<p>        <img decoding=\"async\" src=\"\/wp-content\/uploads\/2025\/11\/Foto-Pallu-Chatillon-2016-0398-scaled-1.webp\" alt=\"\"><\/p>\n<h3>Tensostruttura in Piazza d&rsquo;Armi<\/h3>\n<\/li>\n<li>\n<p>        <img decoding=\"async\" src=\"\/wp-content\/uploads\/2025\/11\/foto-017.webp\" alt=\"\"><\/p>\n<h3>Tensostruttura in Piazza d&rsquo;Armi<\/h3>\n<\/li>\n<li>\n<p>        <img decoding=\"async\" src=\"\/wp-content\/uploads\/2025\/11\/foto-006.webp\" alt=\"\"><\/p>\n<h3>Giardino esterno<\/h3>\n<\/li>\n<li>\n<p>        <img decoding=\"async\" src=\"\/wp-content\/uploads\/2025\/11\/IMG_0149_2-1.webp\" alt=\"\"><\/p>\n<h3>Tensostruttura in Piazza d&rsquo;Armi<\/h3>\n<\/li>\n<li>\n<p>        <img decoding=\"async\" src=\"\/wp-content\/uploads\/2025\/11\/Foto7-2-scaled-1.webp\" alt=\"\"><\/p>\n<h3>Cappellina all&rsquo;interno del Forte di Bard<\/h3>\n<\/li>\n<li>\n<p>        <img decoding=\"async\" src=\"\/wp-content\/uploads\/2025\/11\/FOTO-2.webp\" alt=\"\"><\/p>\n<h3>Accoglienza Forte di Bard<\/h3>\n<\/li>\n<\/ul>\n<p><!--more--><br \/>\n<!-- {\"type\":\"layout\",\"children\":[{\"name\":\"Sezione principale\",\"type\":\"section\",\"props\":{\"image_position\":\"center-center\",\"padding_remove_bottom\":false,\"style\":\"default\",\"title_breakpoint\":\"xl\",\"title_position\":\"top-left\",\"title_rotation\":\"left\",\"vertical_align\":\"\",\"width\":\"expand\"},\"children\":[{\"type\":\"row\",\"children\":[{\"type\":\"column\",\"props\":{\"image_position\":\"center-center\",\"position_sticky_breakpoint\":\"m\",\"width_medium\":\"1-1\"},\"children\":[{\"type\":\"text\",\"props\":{\"column_breakpoint\":\"m\",\"content\":\"\n\n<p>[seopress_breadcrumbs]<\\\/p>\",\"css\":\".breadcrumb li span {\\nfont-weight: 300;\\n}\",\"margin\":\"default\",\"text_style\":\"small\"},\"name\":\"BREADCRUMBS - SeoPress\"},{\"type\":\"headline\",\"props\":{\"animation\":\"none\",\"content\":\"<strong>GLI EVENTI<\\\/strong>\",\"margin\":\"small\",\"margin_remove_top\":false,\"parallax_breakpoint\":\"m\",\"parallax_easing\":\"1\",\"parallax_end\":\"60vh + 60%\",\"parallax_opacity\":\"0.3,1\",\"parallax_y\":\"30,0\",\"title_element\":\"h1\",\"title_style\":\"h1\"}},{\"type\":\"text\",\"props\":{\"animation\":\"none\",\"column_breakpoint\":\"m\",\"column_divider\":false,\"content\":\"\n\n<p data-asw-org-font-size=\\\"16\\\">Le Fort de Bard est le lieu id\\u00e9al pour l\\u2019organisation de soir\\u00e9es exclusives, mariages et incentives d\\u2019entreprises que nous pourrons r\\u00e9aliser ensemble pour satisfaire vos exigences.<br \\\/>On peut m\\u00eame unir au d\\u00eener la visite guid\\u00e9e en exclusive au suggestif Mus\\u00e9e des Alpes, ou aux importantes expositions temporaires que chaque ann\\u00e9e caract\\u00e9risent notre offre expositif dans la p\\u00e9riode printemps\\\/\\u00e9t\\u00e9.<br \\\/>La soir\\u00e9e peut continuer avec de la bonne musique pour laquelle nous serions disponibles \\u00e0 \\u00e9couter vos propositions pour vous aider dans l\\u2019organisations des espaces et de la logistique.<\\\/p>\\n\n\n<p data-asw-org-font-size=\\\"16\\\">En bref, le Fort de Bard peut mettre \\u00e0 votre disposition les services suivants (\\u00e0 votre charge):<\\\/p>\\n\n\n<ul>\\n\n\n<li data-asw-org-font-size=\\\"16\\\">service d\\u2019hostess qualifi\\u00e9es pour l\\u2019accueil, le garde-robe, etc;<\\\/li>\\n\n\n<li data-asw-org-font-size=\\\"16\\\">parking gratuit pour les invit\\u00e9s;<\\\/li>\\n\n\n<li data-asw-org-font-size=\\\"16\\\">service de surveillance des acc\\u00e8s et du parking par gardes arm\\u00e9es (s\\u2019il s\\u2019agit de soir\\u00e9es);<\\\/li>\\n\n\n<li data-asw-org-font-size=\\\"16\\\">entr\\u00e9e aux espaces expositifs;<\\\/li>\\n\n\n<li data-asw-org-font-size=\\\"16\\\">visites guid\\u00e9es au monument et\\\/ou aux espaces expositifs en 4 langues (ITA-FRA-ENG-ALL);<\\\/li>\\n\n\n<li data-asw-org-font-size=\\\"16\\\">possibilit\\u00e9 d\\u2019acheter pour vos invit\\u00e9s les tr\\u00e8s riches catalogues de nos esxpositions;<\\\/li>\\n\n\n<li data-asw-org-font-size=\\\"16\\\">service de baby-sitting et\\\/ou animation;<\\\/li>\\n\n\n<li data-asw-org-font-size=\\\"16\\\">service de open bar;<\\\/li>\\n\n\n<li data-asw-org-font-size=\\\"16\\\">utilisation des cuisines du Restaurant La Polveriera par les traiteur conseill\\u00e9e par nous, ou de votre pr\\u00e9f\\u00e9rence.<\\\/li>\\n<\\\/ul>\\n\n\n<p data-asw-org-font-size=\\\"16\\\">Le Restaurant La Polveriera compte un maximum de 120 places.<br \\\/>Pour l\\u2019utilisation de la Place d\\u2019Armes on conseille d\\u2019organiser des rendez-vous sur place.<\\\/p>\",\"margin\":\"default\"}}]}]},{\"type\":\"row\",\"children\":[{\"type\":\"column\",\"props\":{\"image_position\":\"center-center\",\"position_sticky_breakpoint\":\"m\"},\"children\":[{\"type\":\"divider\",\"props\":{\"divider_element\":\"hr\"}},{\"type\":\"list\",\"props\":{\"column_breakpoint\":\"m\",\"image_align\":\"left\",\"image_svg_color\":\"emphasis\",\"image_vertical_align\":true,\"list_element\":\"ul\",\"list_horizontal_separator\":\", \",\"list_type\":\"vertical\",\"show_image\":true,\"show_link\":true},\"children\":[{\"type\":\"list_item\",\"props\":{\"content\":\"\n\n<p><strong>Contactez-nous<\\\/strong><br \\\/><a href=\\\"tel:\\\/\\\/00390125833816\\\">T. + 39 0125 833816<\\\/a><br \\\/><a href=\\\"mailto:eventi@fortedibard.it\\\">eventi@fortedibard.it<\\\/a><\\\/p>\",\"icon\":\"\"}},{\"type\":\"list_item\",\"props\":{\"content\":\"<strong>Modulo richiesta Eventi speciali<\\\/strong>\",\"icon\":\"link\",\"link\":\"contatti\\\/\"}},{\"type\":\"list_item\",\"props\":{\"content\":\"<strong>Modulo richiesta Meeting<\\\/strong>\",\"icon\":\"link\",\"link\":\"contatti\\\/\"}}],\"name\":\"List ALLEGATI\"}]}]},{\"type\":\"row\",\"children\":[{\"type\":\"column\",\"props\":{\"image_position\":\"center-center\",\"position_sticky_breakpoint\":\"m\"},\"children\":[{\"type\":\"text\",\"props\":{\"animation\":\"none\",\"column_breakpoint\":\"m\",\"column_divider\":false,\"content\":\"\n\n<h3 data-asw-org-font-size=\\\"30\\\">Congr\\u00e8s et meetings<\\\/h3>\\n\n\n<p data-asw-org-font-size=\\\"16\\\">Le Fort de Bard a deux salles de conf\\u00e9rences.\\u00a0L\\u2019une peut accueillir cent personnes et six rapporteurs. La seconde peut accueillir cent trente personnes et six rapporteurs. Il est possible d\\u2019unir les deux salles en vid\\u00e9oconf\\u00e9rence.<br \\\/>Toutes deux sont \\u00e9quip\\u00e9es d\\u2019installation audio et vid\\u00e9o de base et il est possible de les compl\\u00e9ter par d\\u2019autres installations selon le cas.\\u00a0Ces deux espaces peuvent \\u00eatre adapt\\u00e9s en disposant les places assises en table ronde ou en fer \\u00e0 cheval pour arriver \\u00e0 30\\\/32 places.<\\\/p>\\n\n\n<p data-asw-org-font-size=\\\"16\\\">Il est possible d\\u2019organiser un coffee-break ou un welcome-coffee pr\\u00e8s des deux salles, ainsi qu\\u2019un buffet froid, un ap\\u00e9ritif, des repas en correspondance avec un congr\\u00e8s au Restaurant La Polveriera, dans l\\u2019Ouvrage Charles-Albert du Fort.<\\\/p>\\n\n\n<p data-asw-org-font-size=\\\"16\\\"><strong>Des moments pour la musique et pour du th\\u00e9\\u00e2tre \\u00e0 ciel ouvert.<\\\/strong><br \\\/>A partir du moi de mai jusqu\\u2019\\u00e0 septembre, les cours int\\u00e9rieures du Fort se transforment en th\\u00e9\\u00e2tres et peuvent accueillir des concerts, des films et des spectacles.<\\\/p>\\n\n\n<p data-asw-org-font-size=\\\"16\\\">Un calendrier riche en manifestations pendant l\\u2019\\u00e9t\\u00e9 offert aux touristes et \\u00e0 la population locale.<\\\/p>\",\"margin\":\"default\"}}]}]},{\"type\":\"row\",\"children\":[{\"type\":\"column\",\"props\":{\"image_position\":\"center-center\",\"position_sticky_breakpoint\":\"m\"},\"children\":[{\"type\":\"gallery\",\"props\":{\"content_display\":\"lightbox\",\"filter_align\":\"left\",\"filter_all\":true,\"filter_grid_breakpoint\":\"m\",\"filter_grid_width\":\"auto\",\"filter_position\":\"top\",\"filter_style\":\"tab\",\"grid_default\":\"1\",\"grid_masonry\":\"pack\",\"grid_medium\":\"3\",\"item_animation\":true,\"lightbox\":true,\"lightbox_bg_close\":true,\"link_style\":\"default\",\"link_text\":\"\",\"margin\":\"default\",\"meta_align\":\"below-title\",\"meta_element\":\"div\",\"meta_style\":\"text-meta\",\"overlay_hover\":false,\"overlay_link\":true,\"overlay_mode\":\"caption\",\"overlay_position\":\"center\",\"overlay_style\":\"\",\"overlay_transition\":\"fade\",\"show_content\":true,\"show_hover_image\":true,\"show_hover_video\":true,\"show_link\":true,\"show_meta\":true,\"show_title\":true,\"text_align\":\"center\",\"text_color\":\"light\",\"title_display\":\"lightbox\",\"title_element\":\"h3\",\"title_hover_style\":\"reset\"},\"children\":[{\"type\":\"gallery_item\",\"props\":{\"image\":\"wp-content\\\/uploads\\\/2025\\\/11\\\/5NG_0348.webp\",\"title\":\"Cappella interna al Forte di Bard\"}},{\"type\":\"gallery_item\",\"props\":{\"image\":\"wp-content\\\/uploads\\\/2025\\\/11\\\/foto4-1.webp\",\"title\":\"Giardino esterno\"}},{\"type\":\"gallery_item\",\"props\":{\"image\":\"wp-content\\\/uploads\\\/2025\\\/11\\\/Foto-Pallu-Chatillon-2016-0398-scaled-1.webp\",\"title\":\"Tensostruttura in Piazza d'Armi\"}},{\"type\":\"gallery_item\",\"props\":{\"image\":\"wp-content\\\/uploads\\\/2025\\\/11\\\/foto-017.webp\",\"title\":\"Tensostruttura in Piazza d'Armi\"}},{\"type\":\"gallery_item\",\"props\":{\"image\":\"wp-content\\\/uploads\\\/2025\\\/11\\\/foto-006.webp\",\"title\":\"Giardino esterno\"}},{\"type\":\"gallery_item\",\"props\":{\"image\":\"wp-content\\\/uploads\\\/2025\\\/11\\\/IMG_0149_2-1.webp\",\"title\":\"Tensostruttura in Piazza d'Armi\"}},{\"type\":\"gallery_item\",\"props\":{\"image\":\"wp-content\\\/uploads\\\/2025\\\/11\\\/Foto7-2-scaled-1.webp\",\"title\":\"Cappellina all'interno del Forte di Bard\"}},{\"type\":\"gallery_item\",\"props\":{\"image\":\"wp-content\\\/uploads\\\/2025\\\/11\\\/FOTO-2.webp\",\"title\":\"Accoglienza Forte di Bard\"}}]}]}]}]}],\"version\":\"4.5.31\",\"yooessentialsVersion\":\"2.4.10\"} --><\/p>\n","protected":false},"excerpt":{"rendered":"<p>GLI EVENTI Le Fort de Bard est le lieu id\u00e9al pour l\u2019organisation de soir\u00e9es exclusives, mariages et incentives d\u2019entreprises que nous pourrons r\u00e9aliser ensemble pour satisfaire vos exigences.On peut m\u00eame unir au d\u00eener la visite guid\u00e9e en exclusive au suggestif Mus\u00e9e des Alpes, ou aux importantes expositions temporaires que chaque ann\u00e9e caract\u00e9risent notre offre expositif [&hellip;]<\/p>\n","protected":false},"author":1,"featured_media":0,"parent":0,"menu_order":0,"comment_status":"closed","ping_status":"closed","template":"","meta":{"_seopress_robots_primary_cat":"","_seopress_titles_title":"\u00c9v\u00e9nements & espaces privatifs - H\u00f4tel Cavour, Fort de Bard","_seopress_titles_desc":"D\u00e9couvrez nos espaces modulables pour \u00e9v\u00e9nements personnalis\u00e9s \u00e0 l'H\u00f4tel Cavour : mariages, s\u00e9minaires, r\u00e9ceptions priv\u00e9es avec options traiteur et capacit\u00e9s d\u00e9taill\u00e9es.","_seopress_robots_index":"","footnotes":""},"class_list":["post-428","page","type-page","status-publish","hentry"],"_links":{"self":[{"href":"https:\/\/hotelcavour.fortedibard.it\/fr\/wp-json\/wp\/v2\/pages\/428","targetHints":{"allow":["GET"]}}],"collection":[{"href":"https:\/\/hotelcavour.fortedibard.it\/fr\/wp-json\/wp\/v2\/pages"}],"about":[{"href":"https:\/\/hotelcavour.fortedibard.it\/fr\/wp-json\/wp\/v2\/types\/page"}],"author":[{"embeddable":true,"href":"https:\/\/hotelcavour.fortedibard.it\/fr\/wp-json\/wp\/v2\/users\/1"}],"replies":[{"embeddable":true,"href":"https:\/\/hotelcavour.fortedibard.it\/fr\/wp-json\/wp\/v2\/comments?post=428"}],"version-history":[{"count":5,"href":"https:\/\/hotelcavour.fortedibard.it\/fr\/wp-json\/wp\/v2\/pages\/428\/revisions"}],"predecessor-version":[{"id":438,"href":"https:\/\/hotelcavour.fortedibard.it\/fr\/wp-json\/wp\/v2\/pages\/428\/revisions\/438"}],"wp:attachment":[{"href":"https:\/\/hotelcavour.fortedibard.it\/fr\/wp-json\/wp\/v2\/media?parent=428"}],"curies":[{"name":"wp","href":"https:\/\/api.w.org\/{rel}","templated":true}]}}