{"id":442,"date":"2025-11-14T10:19:31","date_gmt":"2025-11-14T09:19:31","guid":{"rendered":"https:\/\/hotelcavour.fortedibard.it\/pacchetti-e-gift\/"},"modified":"2025-11-16T21:26:35","modified_gmt":"2025-11-16T20:26:35","slug":"promotions-and-cheques-cadeaux","status":"publish","type":"page","link":"https:\/\/hotelcavour.fortedibard.it\/fr\/promotions-and-cheques-cadeaux\/","title":{"rendered":"Promotions and ch\u00e8ques cadeau"},"content":{"rendered":"<div>\n<nav  aria-label=\"breadcrumb\"><ol class=\"breadcrumb\" itemscope itemtype=\"https:\/\/schema.org\/BreadcrumbList\"><li class=\"breadcrumb-item active\" aria-current=\"page\" itemprop=\"itemListElement\" itemscope itemtype=\"https:\/\/schema.org\/ListItem\"><span itemprop=\"name\">Home<\/span><meta itemprop=\"position\" content=\"1\"><\/li><\/ol><\/nav>\n<\/div>\n<h1><strong>Promotions<\/strong><\/h1>\n<div>\n<\/div>\n<hr>\n<h2><strong>Ch\u00e8que cadeau<\/strong><\/h2>\n<div>\n<p>Offrez-vous ou offrez \u00e0 une personne ch\u00e8re un souvenir imp\u00e9rissable d&rsquo;histoire et d&rsquo;exp\u00e9riences inoubliables.<\/p>\n<p>Chaque saison est id\u00e9ale pour visiter les lieux de tournage du film Marvel, Avengers.<\/p>\n<div class=\"forminator-ui forminator-custom-form forminator-custom-form-464 forminator-design--default  forminator_ajax\" data-forminator-render=\"0\" data-form=\"forminator-module-464\" data-uid=\"69ea4ce60708c\"><br\/><\/div><form\n\t\t\t\tid=\"forminator-module-464\"\n\t\t\t\tclass=\"forminator-ui forminator-custom-form forminator-custom-form-464 forminator-design--default  forminator_ajax\"\n\t\t\t\tmethod=\"post\"\n\t\t\t\tdata-forminator-render=\"0\"\n\t\t\t\tdata-form-id=\"464\"\n\t\t\t\t data-color-option=\"theme\" data-design=\"default\" data-grid=\"open\" style=\"display: none;\"\n\t\t\t\tdata-uid=\"69ea4ce60708c\"\n\t\t\t><div role=\"alert\" aria-live=\"polite\" class=\"forminator-response-message forminator-error\" aria-hidden=\"true\"><\/div><div class=\"forminator-row\"><div id=\"select-1\" class=\"forminator-field-select forminator-col forminator-col-12 \"><div class=\"forminator-field\"><label for=\"forminator-form-464__field--select-1_69ea4ce60708c\" id=\"forminator-form-464__field--select-1_69ea4ce60708c-label\" class=\"forminator-label\">Choisissez une option <span class=\"forminator-required\">*<\/span><\/label><select  id=\"forminator-form-464__field--select-1_69ea4ce60708c\" class=\"forminator-select--field forminator-select2 forminator-select2-multiple\" data-required=\"1\" name=\"select-1\" data-default-value=\"\" data-hidden-behavior=\"zero\" data-placeholder=\"Choisissez la valeur du bon d&#039;achat\" data-search=\"false\" data-search-placeholder=\"Choisissez la valeur du bon d&#039;achat\" data-checkbox=\"false\" data-allow-clear=\"false\" aria-labelledby=\"forminator-form-464__field--select-1_69ea4ce60708c-label\"><option value=\"\"  >Choisissez la valeur du bon d&#039;achat<\/option><option value=\"standard\"  data-calculation=\"0\">150\u20ac - Chambre double<\/option><option value=\"junior\"  data-calculation=\"0\">180\u20ac - Junior Suite<\/option><option value=\"suite\"  data-calculation=\"0\">300\u20ac - Suite<\/option><\/select><\/div><\/div><\/div><div class=\"forminator-row\"><div id=\"html-1\" class=\"forminator-field-html forminator-col forminator-col-12 \"><div class=\"forminator-field forminator-merge-tags\" data-field=\"html-1\"><label class=\"forminator-label\">Fixez des dates ou laissez la date ouverte.<\/label><\/div><\/div><\/div><div class=\"forminator-row\"><div id=\"date-1\" class=\"forminator-field-date forminator-col forminator-col-6 \"><div class=\"forminator-field\"><label for=\"forminator-field-date-1-picker_69ea4ce60708c\" id=\"forminator-field-date-1-picker_69ea4ce60708c-label\" class=\"forminator-label\">Dates d&#039;arriv\u00e9e<\/label><div class=\"forminator-input-with-icon\"><span class=\"forminator-icon-calendar\" aria-hidden=\"true\"><\/span><input autocomplete=\"off\" type=\"text\" size=\"1\" name=\"date-1\" value=\"\" placeholder=\"Choisissez une date\" id=\"forminator-field-date-1-picker_69ea4ce60708c\" class=\"forminator-input forminator-datepicker\" data-required=\"\" data-format=\"dd-mm-yy\" data-restrict-type=\"\" data-restrict=\"\" data-start-year=\"1926\" data-end-year=\"2126\" data-past-dates=\"enable\" data-start-of-week=\"1\" data-start-date=\"\" data-end-date=\"\" data-start-field=\"\" data-end-field=\"\" data-start-offset=\"\" data-end-offset=\"\" data-disable-date=\"\" data-disable-range=\"\" \/><\/div><\/div><\/div><div id=\"date-2\" class=\"forminator-field-date forminator-col forminator-col-6 \"><div class=\"forminator-field\"><label for=\"forminator-field-date-2-picker_69ea4ce60708c\" id=\"forminator-field-date-2-picker_69ea4ce60708c-label\" class=\"forminator-label\">Dates de d\u00e9part<\/label><div class=\"forminator-input-with-icon\"><span class=\"forminator-icon-calendar\" aria-hidden=\"true\"><\/span><input autocomplete=\"off\" type=\"text\" size=\"1\" name=\"date-2\" value=\"\" placeholder=\"Choisissez une date\" id=\"forminator-field-date-2-picker_69ea4ce60708c\" class=\"forminator-input forminator-datepicker\" data-required=\"\" data-format=\"dd-mm-yy\" data-restrict-type=\"\" data-restrict=\"\" data-start-year=\"1926\" data-end-year=\"2126\" data-past-dates=\"enable\" data-start-of-week=\"1\" data-start-date=\"\" data-end-date=\"\" data-start-field=\"\" data-end-field=\"\" data-start-offset=\"\" data-end-offset=\"\" data-disable-date=\"\" data-disable-range=\"\" \/><\/div><\/div><\/div><\/div><div class=\"forminator-row\"><div id=\"name-1\" class=\"forminator-field-name forminator-col forminator-col-6 \"><div class=\"forminator-field\"><label for=\"forminator-field-name-1_69ea4ce60708c\" id=\"forminator-field-name-1_69ea4ce60708c-label\" class=\"forminator-label\">Nom <span class=\"forminator-required\">*<\/span><\/label><input type=\"text\" name=\"name-1\" value=\"\" placeholder=\"\" id=\"forminator-field-name-1_69ea4ce60708c\" class=\"forminator-input forminator-name--field\" aria-required=\"true\" autocomplete=\"name\" \/><\/div><\/div><div id=\"name-2\" class=\"forminator-field-name forminator-col forminator-col-6 \"><div class=\"forminator-field\"><label for=\"forminator-field-name-2_69ea4ce60708c\" id=\"forminator-field-name-2_69ea4ce60708c-label\" class=\"forminator-label\">Nom de famille <span class=\"forminator-required\">*<\/span><\/label><input type=\"text\" name=\"name-2\" value=\"\" placeholder=\"\" id=\"forminator-field-name-2_69ea4ce60708c\" class=\"forminator-input forminator-name--field\" aria-required=\"true\" autocomplete=\"name\" \/><\/div><\/div><\/div><div class=\"forminator-row\"><div id=\"email-1\" class=\"forminator-field-email forminator-col forminator-col-6 \"><div class=\"forminator-field\"><label for=\"forminator-field-email-1_69ea4ce60708c\" id=\"forminator-field-email-1_69ea4ce60708c-label\" class=\"forminator-label\">Email <span class=\"forminator-required\">*<\/span><\/label><input type=\"email\" name=\"email-1\" value=\"\" placeholder=\"\" id=\"forminator-field-email-1_69ea4ce60708c\" class=\"forminator-input forminator-email--field\" data-required=\"true\" aria-required=\"true\" autocomplete=\"email\" \/><\/div><\/div><div id=\"phone-1\" class=\"forminator-field-phone forminator-col forminator-col-6 \"><div class=\"forminator-field\"><label for=\"forminator-field-phone-1_69ea4ce60708c\" id=\"forminator-field-phone-1_69ea4ce60708c-label\" class=\"forminator-label\">T\u00e9l\u00e9phone <span class=\"forminator-required\">*<\/span><\/label><input type=\"text\" name=\"phone-1\" value=\"\" placeholder=\"\" id=\"forminator-field-phone-1_69ea4ce60708c\" class=\"forminator-input forminator-field--phone\" data-required=\"1\" aria-required=\"true\" autocomplete=\"off\" \/><\/div><\/div><\/div><div class=\"forminator-row\"><div id=\"textarea-1\" class=\"forminator-field-textarea forminator-col forminator-col-12 \"><div class=\"forminator-field\"><label for=\"forminator-field-textarea-1_69ea4ce60708c\" id=\"forminator-field-textarea-1_69ea4ce60708c-label\" class=\"forminator-label\">Message<\/label><span id=\"forminator-field-textarea-1_69ea4ce60708c-description\" class=\"forminator-description\"><span data-limit=\"180\" data-type=\"characters\" data-editor=\"\">0 \/ 180<\/span><\/span><textarea name=\"textarea-1\" placeholder=\"\" id=\"forminator-field-textarea-1_69ea4ce60708c\" class=\"forminator-textarea\" rows=\"6\" style=\"--forminator-textarea-min-height:140px;\" maxlength=\"180\" ><\/textarea><\/div><\/div><\/div><div class=\"forminator-row\"><div id=\"consent-1\" class=\"forminator-field-consent forminator-col forminator-col-12 \"><div class=\"forminator-field\"><label for=\"forminator-field-consent-1_69ea4ce60708c\" id=\"forminator-field-consent-1_69ea4ce60708c-label\" class=\"forminator-label\">Accettazione trattamento dati <span class=\"forminator-required\">*<\/span><\/label><div class=\"forminator-checkbox__wrapper\"><label id=\"forminator-field-consent-1_69ea4ce60708c__label\" class=\"forminator-checkbox forminator-consent\"><input type=\"checkbox\" name=\"consent-1\" id=\"forminator-field-consent-1_69ea4ce60708c\" value=\"checked\" aria-labelledby=\"forminator-field-consent-1_69ea4ce60708c-label\" aria-describedby=\"forminator-field-consent-1_69ea4ce60708c__description\" data-required=\"true\" aria-required=\"true\" \/><span class=\"forminator-checkbox-box\" aria-hidden=\"true\"><\/span><\/label><div id=\"forminator-field-consent-1_69ea4ce60708c__description\" class=\"forminator-checkbox__label forminator-consent__label\"><p>Conform\u00e9ment aux articles 12, 13 et 14 du R\u00e8glement (UE) 679\/2016, nous vous informons que les donn\u00e9es fournies seront trait\u00e9es exclusivement aux fins de la gestion du service et \u00e0 des fins administratives et comptables connexes, et ne seront ni divulgu\u00e9es ni diffus\u00e9es. Pour plus d'informations sur le traitement des donn\u00e9es, veuillez contacter le responsable du traitement, l'association Forte di Bard. * <br><a href=\"https:\/\/hotelcavour.fortedibard.it\/privacy-policy\/\">Lire l'int\u00e9gralit\u00e9 des informations.<\/a><\/p><\/div><\/div><\/div><\/div><\/div><input type=\"hidden\" name=\"referer_url\" value=\"\" \/><div class=\"forminator-row forminator-row-last\"><div class=\"forminator-col\"><div class=\"forminator-field\"><button class=\"forminator-button forminator-button-submit\">Soumettre le formulaire<\/button><\/div><\/div><\/div><input type=\"hidden\" id=\"forminator_nonce\" name=\"forminator_nonce\" value=\"0bbb43606c\" \/><input type=\"hidden\" name=\"_wp_http_referer\" value=\"\/fr\/wp-json\/wp\/v2\/pages\/442\" \/><input type=\"hidden\" name=\"form_id\" value=\"464\"><input type=\"hidden\" name=\"page_id\" value=\"442\"><input type=\"hidden\" name=\"form_type\" value=\"default\"><input type=\"hidden\" name=\"current_url\" value=\"https:\/\/hotelcavour.fortedibard.it\/fr\/promotions-and-cheques-cadeaux\/\"><input type=\"hidden\" name=\"render_id\" value=\"0\"><input type=\"hidden\" name=\"action\" value=\"forminator_submit_form_custom-forms\"><\/form>\n<\/div>\n<p><!--more--><br \/>\n<!-- {\"type\":\"layout\",\"children\":[{\"name\":\"Sezione principale\",\"type\":\"section\",\"props\":{\"image_position\":\"center-center\",\"padding_remove_bottom\":false,\"style\":\"default\",\"title_breakpoint\":\"xl\",\"title_position\":\"top-left\",\"title_rotation\":\"left\",\"vertical_align\":\"\",\"width\":\"expand\"},\"children\":[{\"type\":\"row\",\"children\":[{\"type\":\"column\",\"props\":{\"image_position\":\"center-center\",\"position_sticky_breakpoint\":\"m\",\"width_medium\":\"1-1\"},\"children\":[{\"type\":\"text\",\"props\":{\"column_breakpoint\":\"m\",\"content\":\"\n\n<p>[seopress_breadcrumbs]<\\\/p>\",\"css\":\".breadcrumb li span {\\nfont-weight: 300;\\n}\",\"margin\":\"default\",\"text_style\":\"small\"},\"name\":\"BREADCRUMBS - SeoPress\"},{\"type\":\"headline\",\"props\":{\"animation\":\"none\",\"content\":\"<strong>Promotions<\\\/strong>\",\"margin\":\"small\",\"margin_remove_top\":false,\"parallax_breakpoint\":\"m\",\"parallax_easing\":\"1\",\"parallax_end\":\"60vh + 60%\",\"parallax_opacity\":\"0.3,1\",\"parallax_y\":\"30,0\",\"title_element\":\"h1\",\"title_style\":\"h1\"}},{\"type\":\"panel-slider\",\"props\":{\"container_padding_remove\":true,\"content_column_breakpoint\":\"m\",\"content_margin\":\"small\",\"content_style\":\"text-small\",\"css\":\"@media (max-width: 959px) {\\n    \\n    .el-image {\\n    \\twidth: 500px;\\n    }\\n    \\n}\\n\\n@media (max-width: 639px) {\\n    \\n    .el-image {\\n    \\twidth: 300px;\\n    }\\n    \\n}\",\"height_expand\":false,\"icon_width\":80,\"image_align\":\"top\",\"image_grid_breakpoint\":\"m\",\"image_grid_width\":\"1-2\",\"image_link\":true,\"image_loading\":false,\"image_svg_color\":\"emphasis\",\"image_transition\":\"scale-down\",\"image_width\":1300,\"link_style\":\"default\",\"link_text\":\"\",\"margin\":\"default\",\"meta_align\":\"above-title\",\"meta_color\":\"emphasis\",\"meta_element\":\"div\",\"meta_margin\":\"medium\",\"meta_style\":\"h6\",\"nav\":\"dotnav\",\"nav_align\":\"center\",\"nav_breakpoint\":\"\",\"panel_image_no_padding\":true,\"panel_link\":true,\"panel_match\":true,\"panel_padding\":\"small\",\"panel_style\":\"card-default\",\"show_content\":true,\"show_hover_image\":true,\"show_hover_video\":true,\"show_image\":true,\"show_link\":true,\"show_meta\":true,\"show_title\":true,\"show_video\":true,\"slidenav\":\"\",\"slidenav_breakpoint\":\"\",\"slidenav_margin\":\"medium\",\"slidenav_outside_breakpoint\":\"xl\",\"slider_autoplay_pause\":true,\"slider_gap\":\"small\",\"slider_width\":\"fixed\",\"slider_width_default\":\"5-6\",\"slider_width_large\":\"1-3\",\"slider_width_medium\":\"1-3\",\"title_align\":\"top\",\"title_element\":\"h3\",\"title_grid_breakpoint\":\"m\",\"title_grid_width\":\"1-2\",\"title_hover_style\":\"reset\",\"title_link\":true,\"title_margin\":\"remove\",\"title_style\":\"h5\"},\"children\":[{\"type\":\"panel-slider_item\",\"source\":{\"query\":{\"name\":\"posts.customPosts\",\"arguments\":{\"terms\":[16],\"category_operator\":\"IN\",\"post_tag_operator\":\"IN\",\"users\":[],\"users_operator\":\"IN\",\"offset\":0,\"limit\":10,\"order\":\"date\",\"order_direction\":\"DESC\"}}},\"source_extended\":{\"props\":{\"title\":{\"query\":{\"name\":\"#node\"},\"name\":\"title\"},\"image\":{\"query\":{\"name\":\"#node\"},\"name\":\"featuredImage.url\"},\"link\":{\"query\":{\"name\":\"#node\"},\"name\":\"link\"},\"meta\":{\"query\":{\"name\":\"#node\"},\"arguments\":{\"separator\":\", \",\"show_link\":true,\"link_style\":\"\"},\"name\":\"categoryString\"},\"content\":{\"query\":{\"name\":\"#node\"},\"arguments\":{\"show_intro_text\":true},\"name\":\"content\",\"filters\":{\"limit\":150}}}}}],\"name\":\"GRID-Proposte turistiche\"}]}]},{\"type\":\"row\",\"children\":[{\"type\":\"column\",\"props\":{\"image_position\":\"center-center\",\"position_sticky_breakpoint\":\"m\"},\"children\":[{\"type\":\"divider\",\"props\":{\"divider_element\":\"hr\"}},{\"type\":\"headline\",\"props\":{\"animation\":\"none\",\"content\":\"<strong>Ch\\u00e8que cadeau<\\\/strong>\",\"margin\":\"small\",\"margin_remove_top\":false,\"parallax_breakpoint\":\"m\",\"parallax_easing\":\"1\",\"parallax_end\":\"60vh + 60%\",\"parallax_opacity\":\"0.3,1\",\"parallax_y\":\"30,0\",\"title_element\":\"h2\",\"title_style\":\"h1\"}},{\"type\":\"text\",\"props\":{\"column_breakpoint\":\"m\",\"content\":\"\n\n<p>Offrez-vous ou offrez \\u00e0 une personne ch\\u00e8re un souvenir imp\\u00e9rissable d'histoire et d'exp\\u00e9riences inoubliables.<\\\/p>\\n\n\n<p>Chaque saison est id\\u00e9ale pour visiter les lieux de tournage du film Marvel, Avengers.<\\\/p>\\n\n\n<p>[forminator_form id=\\\"464\\\"]<\\\/p>\",\"margin\":\"default\"}}]}]}]}],\"version\":\"4.5.31\",\"yooessentialsVersion\":\"2.4.10\"} --><\/p>\n","protected":false},"excerpt":{"rendered":"<p>Promotions Ch\u00e8que cadeau Offrez-vous ou offrez \u00e0 une personne ch\u00e8re un souvenir imp\u00e9rissable d&rsquo;histoire et d&rsquo;exp\u00e9riences inoubliables. Chaque saison est id\u00e9ale pour visiter les lieux de tournage du film Marvel, Avengers.<\/p>\n","protected":false},"author":1,"featured_media":0,"parent":0,"menu_order":0,"comment_status":"closed","ping_status":"closed","template":"","meta":{"_seopress_robots_primary_cat":"","_seopress_titles_title":"Promotions & cartes cadeaux - H\u00f4tel Cavour, Fort de Bard","_seopress_titles_desc":"Offrez un s\u00e9jour: forfaits week-end, escapades romantiques ou carte cadeau de l'H\u00f4tel Cavour. Achat en ligne facile et id\u00e9es cadeaux pour toutes les occasions.","_seopress_robots_index":"","footnotes":""},"class_list":["post-442","page","type-page","status-publish","hentry"],"_links":{"self":[{"href":"https:\/\/hotelcavour.fortedibard.it\/fr\/wp-json\/wp\/v2\/pages\/442","targetHints":{"allow":["GET"]}}],"collection":[{"href":"https:\/\/hotelcavour.fortedibard.it\/fr\/wp-json\/wp\/v2\/pages"}],"about":[{"href":"https:\/\/hotelcavour.fortedibard.it\/fr\/wp-json\/wp\/v2\/types\/page"}],"author":[{"embeddable":true,"href":"https:\/\/hotelcavour.fortedibard.it\/fr\/wp-json\/wp\/v2\/users\/1"}],"replies":[{"embeddable":true,"href":"https:\/\/hotelcavour.fortedibard.it\/fr\/wp-json\/wp\/v2\/comments?post=442"}],"version-history":[{"count":6,"href":"https:\/\/hotelcavour.fortedibard.it\/fr\/wp-json\/wp\/v2\/pages\/442\/revisions"}],"predecessor-version":[{"id":467,"href":"https:\/\/hotelcavour.fortedibard.it\/fr\/wp-json\/wp\/v2\/pages\/442\/revisions\/467"}],"wp:attachment":[{"href":"https:\/\/hotelcavour.fortedibard.it\/fr\/wp-json\/wp\/v2\/media?parent=442"}],"curies":[{"name":"wp","href":"https:\/\/api.w.org\/{rel}","templated":true}]}}