{"id":469,"date":"2025-11-14T10:19:31","date_gmt":"2025-11-14T09:19:31","guid":{"rendered":"https:\/\/hotelcavour.fortedibard.it\/iscrizione-newsletter\/"},"modified":"2025-11-16T21:26:49","modified_gmt":"2025-11-16T20:26:49","slug":"abonnement-a-la-newsletter","status":"publish","type":"page","link":"https:\/\/hotelcavour.fortedibard.it\/fr\/abonnement-a-la-newsletter\/","title":{"rendered":"Abonnement a la newsletter"},"content":{"rendered":"<div>\n<nav  aria-label=\"breadcrumb\"><ol class=\"breadcrumb\" itemscope itemtype=\"https:\/\/schema.org\/BreadcrumbList\"><li class=\"breadcrumb-item active\" aria-current=\"page\" itemprop=\"itemListElement\" itemscope itemtype=\"https:\/\/schema.org\/ListItem\"><span itemprop=\"name\">Home<\/span><meta itemprop=\"position\" content=\"1\"><\/li><\/ol><\/nav>\n<\/div>\n<h1><strong>Abonnement \u00e0 la NEWSLETTER<\/strong><\/h1>\n<div> \n<!-- This file should primarily consist of HTML with a little bit of PHP. -->\n<div id=\"mpwp-container\">\n    <div id=\"mupwp-form-content\">\n        <form id=\"mupwp-form\" class=\"mupwp-form\" novalidate=\"novalidate\" action=\"javascript:void(0);\">\n            <h3 id=\"mupwp-form-title\">            <\/h3>\n                        <div id=\"mupwp-form-fields\" class=\"form-fields\">\n                                <div class=\"mupwp-form-field\">\n                    <label  for=\"email\">E-mail                    <\/label>\n                    <input type=\"email\" id=\"email\" required class=\"label-field\"  name=\"email\">\n\n                <\/div>\n\n                                <div class=\"mupwp-form-field\">\n                    <label  for=\"1\">Nom                    <\/label>\n                    <input type=\"text\" id=\"1\" required class=\"label-field\"  name=\"1\">\n\n                <\/div>\n\n                                <div class=\"mupwp-form-field\">\n                    <label  for=\"2\">Nom de famille                    <\/label>\n                    <input type=\"text\" id=\"2\" required class=\"label-field\"  name=\"2\">\n\n                <\/div>\n\n                                <div class=\"mupwp-form-field\">\n                    <label  for=\"9\">Adresse                    <\/label>\n                    <input type=\"text\" id=\"9\"  class=\"label-field\"  name=\"9\">\n\n                <\/div>\n\n                                <div class=\"mupwp-form-field\">\n                    <label  for=\"6\">Code postal                    <\/label>\n                    <input type=\"text\" id=\"6\"  class=\"label-field\"  name=\"6\">\n\n                <\/div>\n\n                                <div class=\"mupwp-form-field\">\n                    <label  for=\"4\">Ville                    <\/label>\n                    <input type=\"text\" id=\"4\"  class=\"label-field\"  name=\"4\">\n\n                <\/div>\n\n                            <\/div>\n            <div id=\"mupwp-form-terms\" class=\"mupwp-form-terms\">\n                                <div class=\"mupwp-form-term\">\n                    <label class=\"label terms small-font\" for=\"term-1\">\n                        <input type=\"checkbox\" id=\"term-1\"\n                            name=\"term-1\" required>\n                        <p>Je consens au traitement de mes donn\u00e9es susmentionn\u00e9es conform\u00e9ment au d\u00e9cret l\u00e9gislatif n\u00b0 196\/2003. Je d\u00e9clare avoir pris connaissance des informations suivantes: <a href=\"https:\/\/www.fortedibard.it\/privacy-newsletter\" target=\"_blank\" rel=\"noopener\" data-asw-org-font-size=\"13\">privacy policy<\/a><\/p>                    <\/label>\n                <\/div>\n                                <\/div>\n            <div class=\"separator-20px-top\"><\/div>\n            <div id=\"mupwp-form-submit-container\">\n                <input type=\"submit\" id=\"mupwp-form-save\" value=\"Inscrivez-vous\"\n                    class=\"button-primary\">\n                <span class=\"ajax-loader\"><\/span>\n                <span class=\"feedback\"><\/span>\n            <\/div>\n        <\/form>\n    <\/div>\n<\/div><\/div>\n<p><!--more--><br \/>\n<!-- {\"type\":\"layout\",\"children\":[{\"name\":\"Sezione principale\",\"type\":\"section\",\"props\":{\"image_position\":\"center-center\",\"padding_remove_bottom\":false,\"style\":\"default\",\"title_breakpoint\":\"xl\",\"title_position\":\"top-left\",\"title_rotation\":\"left\",\"vertical_align\":\"\",\"width\":\"expand\"},\"children\":[{\"type\":\"row\",\"children\":[{\"type\":\"column\",\"props\":{\"image_position\":\"center-center\",\"position_sticky_breakpoint\":\"m\",\"width_medium\":\"1-1\"},\"children\":[{\"type\":\"text\",\"props\":{\"column_breakpoint\":\"m\",\"content\":\"\n\n<p>[seopress_breadcrumbs]<\\\/p>\",\"css\":\".breadcrumb li span {\\nfont-weight: 300;\\n}\",\"margin\":\"default\",\"text_style\":\"small\"},\"name\":\"BREADCRUMBS - SeoPress\"},{\"type\":\"headline\",\"props\":{\"animation\":\"none\",\"content\":\"<strong>Abonnement \\u00e0 la NEWSLETTER<\\\/strong>\",\"margin\":\"small\",\"margin_remove_top\":false,\"parallax_breakpoint\":\"m\",\"parallax_easing\":\"1\",\"parallax_end\":\"60vh + 60%\",\"parallax_opacity\":\"0.3,1\",\"parallax_y\":\"30,0\",\"title_element\":\"h1\",\"title_style\":\"h1\"}},{\"type\":\"text\",\"props\":{\"animation\":\"none\",\"column_breakpoint\":\"m\",\"column_divider\":false,\"content\":\" [mailup_form]\",\"margin\":\"default\"}}]}]}]}],\"version\":\"4.5.31\",\"yooessentialsVersion\":\"2.4.10\"} --><\/p>\n","protected":false},"excerpt":{"rendered":"<p>Abonnement \u00e0 la NEWSLETTER<\/p>\n","protected":false},"author":1,"featured_media":0,"parent":0,"menu_order":0,"comment_status":"closed","ping_status":"closed","template":"","meta":{"_seopress_robots_primary_cat":"","_seopress_titles_title":"Inscription \u00e0 la newsletter - H\u00f4tel Cavour","_seopress_titles_desc":"Recevez offres exclusives, promotions et actualit\u00e9s de l'H\u00f4tel Cavour au Fort de Bard. Inscription gratuite pour b\u00e9n\u00e9ficier d'avantages r\u00e9serv\u00e9s et d'infos \u00e9v\u00e9nements.","_seopress_robots_index":"","footnotes":""},"class_list":["post-469","page","type-page","status-publish","hentry"],"_links":{"self":[{"href":"https:\/\/hotelcavour.fortedibard.it\/fr\/wp-json\/wp\/v2\/pages\/469","targetHints":{"allow":["GET"]}}],"collection":[{"href":"https:\/\/hotelcavour.fortedibard.it\/fr\/wp-json\/wp\/v2\/pages"}],"about":[{"href":"https:\/\/hotelcavour.fortedibard.it\/fr\/wp-json\/wp\/v2\/types\/page"}],"author":[{"embeddable":true,"href":"https:\/\/hotelcavour.fortedibard.it\/fr\/wp-json\/wp\/v2\/users\/1"}],"replies":[{"embeddable":true,"href":"https:\/\/hotelcavour.fortedibard.it\/fr\/wp-json\/wp\/v2\/comments?post=469"}],"version-history":[{"count":2,"href":"https:\/\/hotelcavour.fortedibard.it\/fr\/wp-json\/wp\/v2\/pages\/469\/revisions"}],"predecessor-version":[{"id":473,"href":"https:\/\/hotelcavour.fortedibard.it\/fr\/wp-json\/wp\/v2\/pages\/469\/revisions\/473"}],"wp:attachment":[{"href":"https:\/\/hotelcavour.fortedibard.it\/fr\/wp-json\/wp\/v2\/media?parent=469"}],"curies":[{"name":"wp","href":"https:\/\/api.w.org\/{rel}","templated":true}]}}