{"id":534,"date":"2025-11-16T21:52:32","date_gmt":"2025-11-16T20:52:32","guid":{"rendered":"https:\/\/hotelcavour.fortedibard.it\/casa-urbano-lodge\/"},"modified":"2025-11-17T11:43:05","modified_gmt":"2025-11-17T10:43:05","slug":"casa-urbano-lodge","status":"publish","type":"page","link":"https:\/\/hotelcavour.fortedibard.it\/fr\/casa-urbano-lodge\/","title":{"rendered":"Casa Urbano Lodge"},"content":{"rendered":"<div>\n<nav  aria-label=\"breadcrumb\"><ol class=\"breadcrumb\" itemscope itemtype=\"https:\/\/schema.org\/BreadcrumbList\"><li class=\"breadcrumb-item active\" aria-current=\"page\" itemprop=\"itemListElement\" itemscope itemtype=\"https:\/\/schema.org\/ListItem\"><span itemprop=\"name\">Home<\/span><meta itemprop=\"position\" content=\"1\"><\/li><\/ol><\/nav>\n<\/div>\n<h1><strong>Casa Urbano Lodge<\/strong><\/h1>\n<div>\n<p>Le<span>\u00a0<\/span><strong>village de Bard<\/strong><span>\u00a0<\/span>est un exemple typique de village de passage, avec des maisons align\u00e9es le long des c\u00f4t\u00e9s de l\u2019ancienne voie consulaire des Gaules de l\u2019\u00e9poque romaine. En tant que lieu de halte et de paiement de p\u00e9ages, le village a maintenu son importance au cours du Moyen \u00c2ge, \u00e9tant situ\u00e9 sur l\u2019itin\u00e9raire allant de Canterbury \u00e0 Rome : la Via Francigena.<\/p>\n<p>Dans le village m\u00e9di\u00e9val, on trouve de nombreux b\u00e2timents datant des XIIIe au XVIe si\u00e8cles, avec plus de vingt constructions class\u00e9es comme \u201cmaisons monumentales\u201d pr\u00e9sentant des fa\u00e7ades avec des \u00e9l\u00e9ments de valeur historique et architecturale notables.<\/p>\n<p><strong>Au num\u00e9ro 63<\/strong><span>\u00a0<\/span>du village se trouve<span>\u00a0<\/span><strong>Casa Urbano<\/strong>, dont la fa\u00e7ade arbore un motif d\u00e9coratif m\u00e9di\u00e9val et un blason savoyard.<\/p>\n<p><strong>Casa Urbano Lodge<\/strong><span>\u00a0<\/span>propose trois appartements, chacun \u00e9tant un deux-pi\u00e8ces pour trois personnes, accessibles uniquement par un escalier. Les int\u00e9rieurs peuvent \u00eatre r\u00e9partis sur plusieurs niveaux avec la pr\u00e9sence d\u2019escaliers et\/ou de marches.<\/p>\n<div class=\"flex max-w-full flex-col flex-grow\">\n<div class=\"min-h-[20px] text-message flex w-full flex-col items-end gap-2 break-words [.text-message+&amp;]:mt-5 overflow-x-auto whitespace-pre-wrap\" dir=\"auto\" data-message-author-role=\"assistant\" data-message-id=\"e414545d-cb8d-4349-97c7-79114457b1d7\">\n<div class=\"flex w-full flex-col gap-1 empty:hidden first:pt-[3px]\">\n<div class=\"markdown prose w-full break-words dark:prose-invert light\">\n<p><strong>Tarif : 50,00 \u20ac\/jour<\/strong><\/p>\n<p>S\u00e9jour minimum : 1 semaine<\/p>\n<p>Ouverture annuelle<\/p>\n<p><strong>Services minimaux garantis :<\/strong><\/p>\n<ul>\n<li>Nettoyage des unit\u00e9s et fourniture de linge \u00e0 chaque changement de client et au moins une fois par semaine ;<\/li>\n<li>Fourniture d\u2019\u00e9lectricit\u00e9, d\u2019eau et de chauffage ;<\/li>\n<li>\u00c9quipement appropri\u00e9 pour la pr\u00e9paration et la conservation des aliments.<\/li>\n<\/ul>\n<\/div>\n<\/div>\n<\/div>\n<\/div>\n<\/div>\n<ul>\n<li>\n<p>        <img decoding=\"async\" src=\"\/wp-content\/uploads\/2025\/11\/urbano-1-1536x1024-1.jpg\" alt=\"Casa Urbano Lodge - salotto\"><\/p>\n<h3>Casa Urbano Lodge &#8211; esterno<\/h3>\n<\/li>\n<li>\n<p>        <img decoding=\"async\" src=\"\/wp-content\/uploads\/2025\/11\/urbano-3-768x512-1.jpg\" alt=\"Casa Urbano Lodge - cucina\"><\/p>\n<h3>Casa Urbano Lodge &#8211; cucina<\/h3>\n<\/li>\n<li>\n<p>        <img decoding=\"async\" src=\"\/wp-content\/uploads\/2025\/11\/URbano-2-768x512-1.jpg\" alt=\"Casa Urbano Lodge - Camera da letto\"><\/p>\n<h3>Casa Urbano Lodge &#8211; Camera da letto<\/h3>\n<\/li>\n<li>\n<p>        <img decoding=\"async\" src=\"\/wp-content\/uploads\/2025\/11\/Urbano-4-768x512-1.jpg\" alt=\"Casa Urbano Lodge - esterno\"><\/p>\n<h3>Casa Urbano Lodge &#8211; esterno<\/h3>\n<\/li>\n<li>\n<p>        <img decoding=\"async\" src=\"\/wp-content\/uploads\/2025\/11\/14-768x512-1.jpg\" alt=\"Casa Urbano Lodge - esterno\"><\/p>\n<h3>Casa Urbano Lodge &#8211; esterno<\/h3>\n<\/li>\n<\/ul>\n<p><!--more--><br \/>\n<!-- {\"type\":\"layout\",\"children\":[{\"name\":\"Sezione principale\",\"type\":\"section\",\"props\":{\"image_position\":\"center-center\",\"padding_remove_bottom\":false,\"style\":\"default\",\"title_breakpoint\":\"xl\",\"title_position\":\"top-left\",\"title_rotation\":\"left\",\"vertical_align\":\"\",\"width\":\"expand\"},\"children\":[{\"type\":\"row\",\"children\":[{\"type\":\"column\",\"props\":{\"image_position\":\"center-center\",\"position_sticky_breakpoint\":\"m\",\"width_medium\":\"1-1\"},\"children\":[{\"type\":\"text\",\"props\":{\"column_breakpoint\":\"m\",\"content\":\"\n\n<p>[seopress_breadcrumbs]<\\\/p>\",\"css\":\".breadcrumb li span {\\nfont-weight: 300;\\n}\",\"margin\":\"default\",\"text_style\":\"small\"},\"name\":\"BREADCRUMBS - SeoPress\"},{\"type\":\"headline\",\"props\":{\"animation\":\"none\",\"content\":\"<strong>Casa Urbano Lodge<\\\/strong>\",\"margin\":\"small\",\"margin_remove_top\":false,\"parallax_breakpoint\":\"m\",\"parallax_easing\":\"1\",\"parallax_end\":\"60vh + 60%\",\"parallax_opacity\":\"0.3,1\",\"parallax_y\":\"30,0\",\"title_element\":\"h1\",\"title_style\":\"h1\"}},{\"type\":\"text\",\"props\":{\"animation\":\"none\",\"column_breakpoint\":\"m\",\"column_divider\":false,\"content\":\"\n\n<p>Le<span>\\u00a0<\\\/span><strong>village de Bard<\\\/strong><span>\\u00a0<\\\/span>est un exemple typique de village de passage, avec des maisons align\\u00e9es le long des c\\u00f4t\\u00e9s de l\\u2019ancienne voie consulaire des Gaules de l\\u2019\\u00e9poque romaine. En tant que lieu de halte et de paiement de p\\u00e9ages, le village a maintenu son importance au cours du Moyen \\u00c2ge, \\u00e9tant situ\\u00e9 sur l\\u2019itin\\u00e9raire allant de Canterbury \\u00e0 Rome : la Via Francigena.<\\\/p>\\n\n\n<p>Dans le village m\\u00e9di\\u00e9val, on trouve de nombreux b\\u00e2timents datant des XIIIe au XVIe si\\u00e8cles, avec plus de vingt constructions class\\u00e9es comme \\u201cmaisons monumentales\\u201d pr\\u00e9sentant des fa\\u00e7ades avec des \\u00e9l\\u00e9ments de valeur historique et architecturale notables.<\\\/p>\\n\n\n<p><strong>Au num\\u00e9ro 63<\\\/strong><span>\\u00a0<\\\/span>du village se trouve<span>\\u00a0<\\\/span><strong>Casa Urbano<\\\/strong>, dont la fa\\u00e7ade arbore un motif d\\u00e9coratif m\\u00e9di\\u00e9val et un blason savoyard.<\\\/p>\\n\n\n<p><strong>Casa Urbano Lodge<\\\/strong><span>\\u00a0<\\\/span>propose trois appartements, chacun \\u00e9tant un deux-pi\\u00e8ces pour trois personnes, accessibles uniquement par un escalier. Les int\\u00e9rieurs peuvent \\u00eatre r\\u00e9partis sur plusieurs niveaux avec la pr\\u00e9sence d\\u2019escaliers et\\\/ou de marches.<\\\/p>\\n\n\n<div class=\\\"flex max-w-full flex-col flex-grow\\\">\\n\n\n<div class=\\\"min-h-[20px] text-message flex w-full flex-col items-end gap-2 break-words [.text-message+&amp;]:mt-5 overflow-x-auto whitespace-pre-wrap\\\" dir=\\\"auto\\\" data-message-author-role=\\\"assistant\\\" data-message-id=\\\"e414545d-cb8d-4349-97c7-79114457b1d7\\\">\\n\n\n<div class=\\\"flex w-full flex-col gap-1 empty:hidden first:pt-[3px]\\\">\\n\n\n<div class=\\\"markdown prose w-full break-words dark:prose-invert light\\\">\\n\n\n<p><strong>Tarif : 50,00 \\u20ac\\\/jour<\\\/strong><\\\/p>\\n\n\n<p>S\\u00e9jour minimum : 1 semaine<\\\/p>\\n\n\n<p>Ouverture annuelle<\\\/p>\\n\n\n<p><strong>Services minimaux garantis :<\\\/strong><\\\/p>\\n\n\n<ul>\\n\n\n<li>Nettoyage des unit\\u00e9s et fourniture de linge \\u00e0 chaque changement de client et au moins une fois par semaine ;<\\\/li>\\n\n\n<li>Fourniture d\\u2019\\u00e9lectricit\\u00e9, d\\u2019eau et de chauffage ;<\\\/li>\\n\n\n<li>\\u00c9quipement appropri\\u00e9 pour la pr\\u00e9paration et la conservation des aliments.<\\\/li>\\n<\\\/ul>\\n<\\\/div>\\n<\\\/div>\\n<\\\/div>\\n<\\\/div>\",\"margin\":\"default\"}}]}]},{\"type\":\"row\",\"children\":[{\"type\":\"column\",\"props\":{\"image_position\":\"center-center\",\"position_sticky_breakpoint\":\"m\"},\"children\":[{\"type\":\"gallery\",\"props\":{\"content_display\":\"lightbox\",\"filter_align\":\"left\",\"filter_all\":true,\"filter_grid_breakpoint\":\"m\",\"filter_grid_width\":\"auto\",\"filter_position\":\"top\",\"filter_style\":\"tab\",\"grid_column_gap\":\"small\",\"grid_default\":\"1\",\"grid_medium\":\"3\",\"grid_row_gap\":\"small\",\"item_animation\":true,\"lightbox\":true,\"lightbox_bg_close\":true,\"link_style\":\"default\",\"link_text\":\"\",\"margin\":\"default\",\"meta_align\":\"below-title\",\"meta_element\":\"div\",\"meta_style\":\"text-meta\",\"overlay_hover\":true,\"overlay_link\":true,\"overlay_mode\":\"cover\",\"overlay_position\":\"center\",\"overlay_style\":\"\",\"overlay_transition\":\"fade\",\"show_content\":true,\"show_hover_image\":true,\"show_hover_video\":true,\"show_link\":true,\"show_meta\":true,\"show_title\":true,\"text_align\":\"center\",\"text_color\":\"light\",\"title_display\":\"lightbox\",\"title_element\":\"h3\",\"title_hover_style\":\"reset\"},\"children\":[{\"type\":\"gallery_item\",\"props\":{\"image\":\"wp-content\\\/uploads\\\/2025\\\/11\\\/urbano-1-1536x1024-1.jpg\",\"image_alt\":\"Casa Urbano Lodge - salotto\",\"title\":\"Casa Urbano Lodge - esterno\"}},{\"type\":\"gallery_item\",\"props\":{\"image\":\"wp-content\\\/uploads\\\/2025\\\/11\\\/urbano-3-768x512-1.jpg\",\"image_alt\":\"Casa Urbano Lodge - cucina\",\"title\":\"Casa Urbano Lodge - cucina\"}},{\"type\":\"gallery_item\",\"props\":{\"image\":\"wp-content\\\/uploads\\\/2025\\\/11\\\/URbano-2-768x512-1.jpg\",\"image_alt\":\"Casa Urbano Lodge - Camera da letto\",\"title\":\"Casa Urbano Lodge - Camera da letto\"}},{\"type\":\"gallery_item\",\"props\":{\"image\":\"wp-content\\\/uploads\\\/2025\\\/11\\\/Urbano-4-768x512-1.jpg\",\"image_alt\":\"Casa Urbano Lodge - esterno\",\"title\":\"Casa Urbano Lodge - esterno\"}},{\"type\":\"gallery_item\",\"props\":{\"image\":\"wp-content\\\/uploads\\\/2025\\\/11\\\/14-768x512-1.jpg\",\"image_alt\":\"Casa Urbano Lodge - esterno\",\"title\":\"Casa Urbano Lodge - esterno\"}}],\"name\":\"Gallery\"}]}]}]}],\"version\":\"4.5.31\",\"yooessentialsVersion\":\"2.4.10\"} --><\/p>\n","protected":false},"excerpt":{"rendered":"<p>Casa Urbano Lodge Le\u00a0village de Bard\u00a0est un exemple typique de village de passage, avec des maisons align\u00e9es le long des c\u00f4t\u00e9s de l\u2019ancienne voie consulaire des Gaules de l\u2019\u00e9poque romaine. En tant que lieu de halte et de paiement de p\u00e9ages, le village a maintenu son importance au cours du Moyen \u00c2ge, \u00e9tant situ\u00e9 sur [&hellip;]<\/p>\n","protected":false},"author":1,"featured_media":0,"parent":0,"menu_order":0,"comment_status":"closed","ping_status":"closed","template":"","meta":{"_seopress_robots_primary_cat":"","_seopress_titles_title":"","_seopress_titles_desc":"","_seopress_robots_index":"","footnotes":""},"class_list":["post-534","page","type-page","status-publish","hentry"],"_links":{"self":[{"href":"https:\/\/hotelcavour.fortedibard.it\/fr\/wp-json\/wp\/v2\/pages\/534","targetHints":{"allow":["GET"]}}],"collection":[{"href":"https:\/\/hotelcavour.fortedibard.it\/fr\/wp-json\/wp\/v2\/pages"}],"about":[{"href":"https:\/\/hotelcavour.fortedibard.it\/fr\/wp-json\/wp\/v2\/types\/page"}],"author":[{"embeddable":true,"href":"https:\/\/hotelcavour.fortedibard.it\/fr\/wp-json\/wp\/v2\/users\/1"}],"replies":[{"embeddable":true,"href":"https:\/\/hotelcavour.fortedibard.it\/fr\/wp-json\/wp\/v2\/comments?post=534"}],"version-history":[{"count":1,"href":"https:\/\/hotelcavour.fortedibard.it\/fr\/wp-json\/wp\/v2\/pages\/534\/revisions"}],"predecessor-version":[{"id":537,"href":"https:\/\/hotelcavour.fortedibard.it\/fr\/wp-json\/wp\/v2\/pages\/534\/revisions\/537"}],"wp:attachment":[{"href":"https:\/\/hotelcavour.fortedibard.it\/fr\/wp-json\/wp\/v2\/media?parent=534"}],"curies":[{"name":"wp","href":"https:\/\/api.w.org\/{rel}","templated":true}]}}